{"id":1245,"date":"2025-02-25T22:12:47","date_gmt":"2025-02-25T21:12:47","guid":{"rendered":"https:\/\/lesamaj.cz\/2025\/?page_id=1245"},"modified":"2025-03-10T08:58:25","modified_gmt":"2025-03-10T07:58:25","slug":"o-lesamaji","status":"publish","type":"page","link":"https:\/\/lesamaj.cz\/index.php\/o-lesamaji\/","title":{"rendered":"O Lesam\u00e1ji"},"content":{"rendered":"\n<div class=\"wp-block-group alignfull wp-block-section nym_o-lesamaji has-custom-red-background-color has-background is-layout-constrained wp-block-group-is-layout-constrained\" style=\"padding-top:var(--wp--preset--spacing--60);padding-bottom:var(--wp--preset--spacing--60);background-image:url(&apos;https:\/\/lesamaj.cz\/2025\/wp-content\/uploads\/2025\/02\/three-triangles_yellow_bottom_space_10x.png&apos;);background-position:0% 0%;background-repeat:no-repeat;background-size:contain;background-attachment:scroll;\">\n<div class=\"wp-block-group is-nowrap is-layout-flex wp-container-core-group-is-layout-6c531013 wp-block-group-is-layout-flex\">\n<h1 class=\"wp-block-heading\">O Lesam\u00e1ji<\/h1>\n\n\n\n<p><\/p>\n<\/div>\n<\/div>\n\n\n\n<div style=\"height:4px\" aria-hidden=\"true\" class=\"wp-block-spacer\"><\/div>\n\n\n\n<div class=\"wp-block-group alignfull wp-block-section nym_o-lesamaji has-custom-yellow-background-color has-background is-layout-constrained wp-block-group-is-layout-constrained\" style=\"padding-top:var(--wp--preset--spacing--60);padding-bottom:var(--wp--preset--spacing--60)\">\n<div class=\"wp-block-columns is-layout-flex wp-container-core-columns-is-layout-28f84493 wp-block-columns-is-layout-flex\">\n<div class=\"wp-block-column is-layout-flow wp-block-column-is-layout-flow\" style=\"flex-basis:25%\">\n<h2 class=\"wp-block-heading\">Co je Lesam\u00e1j?<\/h2>\n\n\n\n<h4 class=\"wp-block-heading has-custom-green-color has-text-color has-link-color wp-elements-f410931fb71e0572076e2491318c5354\"><span class=\"wp-rich-text-font-awesome-icon wp-font-awesome-icon\"><svg aria-hidden=\"true\" focusable=\"false\" data-prefix=\"fas\" data-icon=\"people-group\" class=\"svg-inline--fa fa-people-group \" role=\"img\" xmlns=\"http:\/\/www.w3.org\/2000\/svg\" viewBox=\"0 0 640 512\"><path fill=\"currentColor\" d=\"M72 88a56 56 0 1 1 112 0A56 56 0 1 1 72 88zM64 245.7C54 256.9 48 271.8 48 288s6 31.1 16 42.3V245.7zm144.4-49.3C178.7 222.7 160 261.2 160 304c0 34.3 12 65.8 32 90.5V416c0 17.7-14.3 32-32 32H96c-17.7 0-32-14.3-32-32V389.2C26.2 371.2 0 332.7 0 288c0-61.9 50.1-112 112-112h32c24 0 46.2 7.5 64.4 20.3zM448 416V394.5c20-24.7 32-56.2 32-90.5c0-42.8-18.7-81.3-48.4-107.7C449.8 183.5 472 176 496 176h32c61.9 0 112 50.1 112 112c0 44.7-26.2 83.2-64 101.2V416c0 17.7-14.3 32-32 32H480c-17.7 0-32-14.3-32-32zm8-328a56 56 0 1 1 112 0A56 56 0 1 1 456 88zM576 245.7v84.7c10-11.3 16-26.1 16-42.3s-6-31.1-16-42.3zM320 32a64 64 0 1 1 0 128 64 64 0 1 1 0-128zM240 304c0 16.2 6 31 16 42.3V261.7c-10 11.3-16 26.1-16 42.3zm144-42.3v84.7c10-11.3 16-26.1 16-42.3s-6-31.1-16-42.3zM448 304c0 44.7-26.2 83.2-64 101.2V448c0 17.7-14.3 32-32 32H288c-17.7 0-32-14.3-32-32V405.2c-37.8-18-64-56.5-64-101.2c0-61.9 50.1-112 112-112h32c61.9 0 112 50.1 112 112z\"><\/path><\/svg><\/span> p\u0159es 5000 n\u00e1v\u0161t\u011bvn\u00edk\u016f<\/h4>\n\n\n\n<h4 class=\"wp-block-heading has-custom-green-color has-text-color has-link-color wp-elements-fb0f041f2bbf448ff4b808570b68777e\"><span class=\"wp-rich-text-font-awesome-icon wp-font-awesome-icon\"><svg aria-hidden=\"true\" focusable=\"false\" data-prefix=\"fas\" data-icon=\"guitar\" class=\"svg-inline--fa fa-guitar \" role=\"img\" xmlns=\"http:\/\/www.w3.org\/2000\/svg\" viewBox=\"0 0 512 512\"><path fill=\"currentColor\" d=\"M465 7c-9.4-9.4-24.6-9.4-33.9 0L383 55c-2.4 2.4-4.3 5.3-5.5 8.5l-15.4 41-77.5 77.6c-45.1-29.4-99.3-30.2-131 1.6c-11 11-18 24.6-21.4 39.6c-3.7 16.6-19.1 30.7-36.1 31.6c-25.6 1.3-49.3 10.7-67.3 28.6C-16 328.4-7.6 409.4 47.5 464.5s136.1 63.5 180.9 18.7c17.9-17.9 27.4-41.7 28.6-67.3c.9-17 15-32.3 31.6-36.1c15-3.4 28.6-10.5 39.6-21.4c31.8-31.8 31-85.9 1.6-131l77.6-77.6 41-15.4c3.2-1.2 6.1-3.1 8.5-5.5l48-48c9.4-9.4 9.4-24.6 0-33.9L465 7zM208 256a48 48 0 1 1 0 96 48 48 0 1 1 0-96z\"><\/path><\/svg><\/span> hudba + <span class=\"wp-rich-text-font-awesome-icon wp-font-awesome-icon\"><svg aria-hidden=\"true\" focusable=\"false\" data-prefix=\"fas\" data-icon=\"masks-theater\" class=\"svg-inline--fa fa-masks-theater \" role=\"img\" xmlns=\"http:\/\/www.w3.org\/2000\/svg\" viewBox=\"0 0 640 512\"><path fill=\"currentColor\" d=\"M74.6 373.2c41.7 36.1 108 82.5 166.1 73.7c6.1-.9 12.1-2.5 18-4.5c-9.2-12.3-17.3-24.4-24.2-35.4c-21.9-35-28.8-75.2-25.9-113.6c-20.6 4.1-39.2 13-54.7 25.4c-6.5 5.2-16.3 1.3-14.8-7c6.4-33.5 33-60.9 68.2-66.3c2.6-.4 5.3-.7 7.9-.8l19.4-131.3c2-13.8 8-32.7 25-45.9C278.2 53.2 310.5 37 363.2 32.2c-.8-.7-1.6-1.4-2.4-2.1C340.6 14.5 288.4-11.5 175.7 5.6S20.5 63 5.7 83.9C0 91.9-.8 102 .6 111.8L24.8 276.1c5.5 37.3 21.5 72.6 49.8 97.2zm87.7-219.6c4.4-3.1 10.8-2 11.8 3.3c.1 .5 .2 1.1 .3 1.6c3.2 21.8-11.6 42-33.1 45.3s-41.5-11.8-44.7-33.5c-.1-.5-.1-1.1-.2-1.6c-.6-5.4 5.2-8.4 10.3-6.7c9 3 18.8 3.9 28.7 2.4s19.1-5.3 26.8-10.8zM261.6 390c29.4 46.9 79.5 110.9 137.6 119.7s124.5-37.5 166.1-73.7c28.3-24.5 44.3-59.8 49.8-97.2l24.2-164.3c1.4-9.8 .6-19.9-5.1-27.9c-14.8-20.9-57.3-61.2-170-78.3S299.4 77.2 279.2 92.8c-7.8 6-11.5 15.4-12.9 25.2L242.1 282.3c-5.5 37.3-.4 75.8 19.6 107.7zM404.5 235.3c-7.7-5.5-16.8-9.3-26.8-10.8s-19.8-.6-28.7 2.4c-5.1 1.7-10.9-1.3-10.3-6.7c.1-.5 .1-1.1 .2-1.6c3.2-21.8 23.2-36.8 44.7-33.5s36.3 23.5 33.1 45.3c-.1 .5-.2 1.1-.3 1.6c-1 5.3-7.4 6.4-11.8 3.3zm136.2 15.5c-1 5.3-7.4 6.4-11.8 3.3c-7.7-5.5-16.8-9.3-26.8-10.8s-19.8-.6-28.7 2.4c-5.1 1.7-10.9-1.3-10.3-6.7c.1-.5 .1-1.1 .2-1.6c3.2-21.8 23.2-36.8 44.7-33.5s36.3 23.5 33.1 45.3c-.1 .5-.2 1.1-.3 1.6zM530 350.2c-19.6 44.7-66.8 72.5-116.8 64.9s-87.1-48.2-93-96.7c-1-8.3 8.9-12.1 15.2-6.7c23.9 20.8 53.6 35.3 87 40.3s66.1 .1 94.9-12.8c7.6-3.4 16 3.2 12.6 10.9z\"><\/path><\/svg><\/span> tanec<br><span class=\"wp-rich-text-font-awesome-icon wp-font-awesome-icon\"><svg aria-hidden=\"true\" focusable=\"false\" data-prefix=\"fas\" data-icon=\"graduation-cap\" class=\"svg-inline--fa fa-graduation-cap \" role=\"img\" xmlns=\"http:\/\/www.w3.org\/2000\/svg\" viewBox=\"0 0 640 512\"><path fill=\"currentColor\" d=\"M320 32c-8.1 0-16.1 1.4-23.7 4.1L15.8 137.4C6.3 140.9 0 149.9 0 160s6.3 19.1 15.8 22.6l57.9 20.9C57.3 229.3 48 259.8 48 291.9v28.1c0 28.4-10.8 57.7-22.3 80.8c-6.5 13-13.9 25.8-22.5 37.6C0 442.7-.9 448.3 .9 453.4s6 8.9 11.2 10.2l64 16c4.2 1.1 8.7 .3 12.4-2s6.3-6.1 7.1-10.4c8.6-42.8 4.3-81.2-2.1-108.7C90.3 344.3 86 329.8 80 316.5V291.9c0-30.2 10.2-58.7 27.9-81.5c12.9-15.5 29.6-28 49.2-35.7l157-61.7c8.2-3.2 17.5 .8 20.7 9s-.8 17.5-9 20.7l-157 61.7c-12.4 4.9-23.3 12.4-32.2 21.6l159.6 57.6c7.6 2.7 15.6 4.1 23.7 4.1s16.1-1.4 23.7-4.1L624.2 182.6c9.5-3.4 15.8-12.5 15.8-22.6s-6.3-19.1-15.8-22.6L343.7 36.1C336.1 33.4 328.1 32 320 32zM128 408c0 35.3 86 72 192 72s192-36.7 192-72L496.7 262.6 354.5 314c-11.1 4-22.8 6-34.5 6s-23.5-2-34.5-6L143.3 262.6 128 408z\"><\/path><\/svg><\/span> edukativn\u00ed program<br><span class=\"wp-rich-text-font-awesome-icon wp-font-awesome-icon\"><svg aria-hidden=\"true\" focusable=\"false\" data-prefix=\"fas\" data-icon=\"futbol\" class=\"svg-inline--fa fa-futbol \" role=\"img\" xmlns=\"http:\/\/www.w3.org\/2000\/svg\" viewBox=\"0 0 512 512\"><path fill=\"currentColor\" d=\"M417.3 360.1l-71.6-4.8c-5.2-.3-10.3 1.1-14.5 4.2s-7.2 7.4-8.4 12.5l-17.6 69.6C289.5 445.8 273 448 256 448s-33.5-2.2-49.2-6.4L189.2 372c-1.3-5-4.3-9.4-8.4-12.5s-9.3-4.5-14.5-4.2l-71.6 4.8c-17.6-27.2-28.5-59.2-30.4-93.6L125 228.3c4.4-2.8 7.6-7 9.2-11.9s1.4-10.2-.5-15l-26.7-66.6C128 109.2 155.3 89 186.7 76.9l55.2 46c4 3.3 9 5.1 14.1 5.1s10.2-1.8 14.1-5.1l55.2-46c31.3 12.1 58.7 32.3 79.6 57.9l-26.7 66.6c-1.9 4.8-2.1 10.1-.5 15s4.9 9.1 9.2 11.9l60.7 38.2c-1.9 34.4-12.8 66.4-30.4 93.6zM256 512A256 256 0 1 0 256 0a256 256 0 1 0 0 512zm14.1-325.7c-8.4-6.1-19.8-6.1-28.2 0L194 221c-8.4 6.1-11.9 16.9-8.7 26.8l18.3 56.3c3.2 9.9 12.4 16.6 22.8 16.6h59.2c10.4 0 19.6-6.7 22.8-16.6l18.3-56.3c3.2-9.9-.3-20.7-8.7-26.8l-47.9-34.8z\"><\/path><\/svg><\/span> sport<\/h4>\n\n\n\n<h4 class=\"wp-block-heading has-custom-green-color has-text-color has-link-color wp-elements-66e657c462694fe2432bef98b85e458e\"><span class=\"wp-rich-text-font-awesome-icon wp-font-awesome-icon\"><svg aria-hidden=\"true\" focusable=\"false\" data-prefix=\"fas\" data-icon=\"drum\" class=\"svg-inline--fa fa-drum \" role=\"img\" xmlns=\"http:\/\/www.w3.org\/2000\/svg\" viewBox=\"0 0 512 512\"><path fill=\"currentColor\" d=\"M501.2 76.1c11.1-7.3 14.2-22.1 6.9-33.2s-22.1-14.2-33.2-6.9L370.2 104.5C335.8 98.7 297 96 256 96C114.6 96 0 128 0 208V368c0 31.3 27.4 58.8 72 78.7V344c0-13.3 10.7-24 24-24s24 10.7 24 24V463.4c33 8.9 71.1 14.5 112 16.1V376c0-13.3 10.7-24 24-24s24 10.7 24 24V479.5c40.9-1.6 79-7.2 112-16.1V344c0-13.3 10.7-24 24-24s24 10.7 24 24V446.7c44.6-19.9 72-47.4 72-78.7V208c0-41.1-30.2-69.5-78.8-87.4l67.9-44.5zM307.4 145.6l-64.6 42.3c-11.1 7.3-14.2 22.1-6.9 33.2s22.1 14.2 33.2 6.9l111.1-72.8c14.7 3.2 27.9 7 39.4 11.5C458.4 181.8 464 197.4 464 208c0 .8-2.7 17.2-46 35.9C379.1 260.7 322 272 256 272s-123.1-11.3-162-28.1C50.7 225.2 48 208.8 48 208c0-10.6 5.6-26.2 44.4-41.3C130.6 151.9 187.8 144 256 144c18 0 35.1 .5 51.4 1.6z\"><\/path><\/svg><\/span> alegorick\u00fd pr\u016fvod<br><span class=\"wp-rich-text-font-awesome-icon wp-font-awesome-icon\"><svg aria-hidden=\"true\" focusable=\"false\" data-prefix=\"fas\" data-icon=\"crown\" class=\"svg-inline--fa fa-crown \" role=\"img\" xmlns=\"http:\/\/www.w3.org\/2000\/svg\" viewBox=\"0 0 576 512\"><path fill=\"currentColor\" d=\"M309 106c11.4-7 19-19.7 19-34c0-22.1-17.9-40-40-40s-40 17.9-40 40c0 14.4 7.6 27 19 34L209.7 220.6c-9.1 18.2-32.7 23.4-48.6 10.7L72 160c5-6.7 8-15 8-24c0-22.1-17.9-40-40-40S0 113.9 0 136s17.9 40 40 40c.2 0 .5 0 .7 0L86.4 427.4c5.5 30.4 32 52.6 63 52.6H426.6c30.9 0 57.4-22.1 63-52.6L535.3 176c.2 0 .5 0 .7 0c22.1 0 40-17.9 40-40s-17.9-40-40-40s-40 17.9-40 40c0 9 3 17.3 8 24l-89.1 71.3c-15.9 12.7-39.5 7.5-48.6-10.7L309 106z\"><\/path><\/svg><\/span> korunov\u00e1n\u00ed veli\u010denstva<\/h4>\n<\/div>\n\n\n\n<div class=\"wp-block-column is-layout-flow wp-block-column-is-layout-flow\" style=\"flex-basis:66.66%\">\n<div class=\"wp-block-group text-columns is-layout-constrained wp-block-group-is-layout-constrained\">\n<p>Jako nez\u00e1visl\u00e1 a neziskov\u00e1 skupina student\u016f ve sv\u00e9m voln\u00e9m \u010dase organizujeme akci, na kterou ka\u017ed\u00fd rok doraz\u00ed p\u0159es <strong>5 000 n\u00e1v\u0161t\u011bvn\u00edk\u016f<\/strong> a to na <a href=\"https:\/\/lesamaj.cz\/\" data-type=\"page\" data-id=\"998\">program<\/a> kombinuj\u00edc\u00ed <strong>hudbu<\/strong>, <strong>divadlo<\/strong>, <strong>tanec<\/strong>, <strong>edukativn\u00ed program<\/strong> i <strong>sport<\/strong>.<\/p>\n\n\n\n<p>Lesam\u00e1j je jarn\u00ed <strong>multi\u017e\u00e1nrov\u00fd festival<\/strong>, kter\u00fd navazuje na tradici pra\u017esk\u00fdch maj\u00e1les\u016f a p\u0159en\u00e1\u0161\u00ed ji do prost\u0159ed\u00ed dejvick\u00e9ho kampusu. My\u0161lenka zalo\u017een\u00ed Lesam\u00e1je vznikla na podzim 2017, kdy jsme se rozhodli oprostit od komer\u010dn\u00edch typ\u016f maj\u00e1les\u016f a <strong>vr\u00e1tit se zp\u011bt ke ko\u0159en\u016fm studentsk\u00fdch oslav jara<\/strong> tak, aby byly dostupn\u00e9 pro ka\u017ed\u00e9ho. Jak programov\u011b, tak finan\u010dn\u011b.<\/p>\n\n\n\n<p>Do roku 2024 byl Lesam\u00e1j jednodenn\u00ed akc\u00ed, kter\u00e1 se konala zpravidla v prvn\u00edm m\u00e1jov\u00e9m t\u00fddnu. V roce 2025 je akce <strong>poprv\u00e9<\/strong> koncipovan\u00e1 <strong>jako dvoudenn\u00ed<\/strong>, abychom mohli v\u011bnovat v\u00edce \u010dasu a prostoru vzd\u011bl\u00e1vac\u00edmu a seberozvojov\u00e9mu programu.<\/p>\n\n\n\n<p>Zachov\u00e1v\u00e1me si v\u0161ak i tradi\u010dn\u00ed prvky Maj\u00e1les\u016f, jako <strong>alegorick\u00fd pr\u016fvod <\/strong>po Dejvic\u00edch s kapelou a poj\u00edzdnou p\u00edpou, a p\u0159edev\u0161\u00edm, <strong><a href=\"https:\/\/lesamaj.cz\/index.php\/velicenstva\/\" data-type=\"page\" data-id=\"1886\">korunujeme Veli\u010denstva<\/a><\/strong> Lesam\u00e1je.<\/p>\n<\/div>\n<\/div>\n<\/div>\n<\/div>\n\n\n\n<div class=\"wp-block-columns is-layout-flex wp-container-core-columns-is-layout-28f84493 wp-block-columns-is-layout-flex\">\n<div class=\"wp-block-column is-layout-flow wp-block-column-is-layout-flow\"><\/div>\n\n\n\n<div class=\"wp-block-column is-layout-flow wp-block-column-is-layout-flow\"><\/div>\n\n\n\n<div class=\"wp-block-column is-layout-flow wp-block-column-is-layout-flow\"><\/div>\n<\/div>\n\n\n\n<div class=\"wp-block-cover alignfull wp-block-section wp-duotone-unset-1\" style=\"padding-top:0;padding-right:0;padding-bottom:0;padding-left:0\"><span aria-hidden=\"true\" class=\"wp-block-cover__background has-background-dim-60 has-background-dim wp-block-cover__gradient-background has-background-gradient\" style=\"background:linear-gradient(119deg,rgb(232,66,57) 58%,rgb(213,218,47) 100%)\"><\/span><img loading=\"lazy\" decoding=\"async\" width=\"2048\" height=\"1367\" class=\"wp-block-cover__image-background wp-image-1813\" alt=\"\" src=\"https:\/\/lesamaj.cz\/2025\/wp-content\/uploads\/2025\/02\/jitka.jpg\" style=\"object-position:53% 21%\" data-object-fit=\"cover\" data-object-position=\"53% 21%\" srcset=\"https:\/\/lesamaj.cz\/wp-content\/uploads\/2025\/02\/jitka.jpg 2048w, https:\/\/lesamaj.cz\/wp-content\/uploads\/2025\/02\/jitka-300x200.jpg 300w, https:\/\/lesamaj.cz\/wp-content\/uploads\/2025\/02\/jitka-1024x684.jpg 1024w, https:\/\/lesamaj.cz\/wp-content\/uploads\/2025\/02\/jitka-768x513.jpg 768w, https:\/\/lesamaj.cz\/wp-content\/uploads\/2025\/02\/jitka-1536x1025.jpg 1536w\" sizes=\"auto, (max-width: 2048px) 100vw, 2048px\" \/><div class=\"wp-block-cover__inner-container is-layout-constrained wp-container-core-cover-is-layout-435d30a0 wp-block-cover-is-layout-constrained\">\n<div class=\"wp-block-group alignfull wp-block-section nym_velicenstva has-background is-layout-constrained wp-block-group-is-layout-constrained\" style=\"background-color:#ffffff00;background-image:url(&apos;https:\/\/lesamaj.cz\/2025\/wp-content\/uploads\/2025\/02\/donut_red_10x.png&apos;);background-position:48% 0%;background-repeat:no-repeat;background-size:2000px;background-attachment:scroll;\">\n<div style=\"height:30px\" aria-hidden=\"true\" class=\"wp-block-spacer\"><\/div>\n\n\n\n<div class=\"wp-block-group is-layout-constrained wp-block-group-is-layout-constrained\">\n<div class=\"wp-block-columns is-layout-flex wp-container-core-columns-is-layout-28f84493 wp-block-columns-is-layout-flex\">\n<div class=\"wp-block-column is-layout-flow wp-block-column-is-layout-flow\">\n<h2 class=\"wp-block-heading has-custom-white-color has-text-color has-link-color wp-elements-476e0fef0937e09232358e9d44a39adb\"><span class=\"wp-rich-text-font-awesome-icon wp-font-awesome-icon\"><svg aria-hidden=\"true\" focusable=\"false\" data-prefix=\"fas\" data-icon=\"crown\" class=\"svg-inline--fa fa-crown \" role=\"img\" xmlns=\"http:\/\/www.w3.org\/2000\/svg\" viewBox=\"0 0 576 512\"><path fill=\"currentColor\" d=\"M309 106c11.4-7 19-19.7 19-34c0-22.1-17.9-40-40-40s-40 17.9-40 40c0 14.4 7.6 27 19 34L209.7 220.6c-9.1 18.2-32.7 23.4-48.6 10.7L72 160c5-6.7 8-15 8-24c0-22.1-17.9-40-40-40S0 113.9 0 136s17.9 40 40 40c.2 0 .5 0 .7 0L86.4 427.4c5.5 30.4 32 52.6 63 52.6H426.6c30.9 0 57.4-22.1 63-52.6L535.3 176c.2 0 .5 0 .7 0c22.1 0 40-17.9 40-40s-17.9-40-40-40s-40 17.9-40 40c0 9 3 17.3 8 24l-89.1 71.3c-15.9 12.7-39.5 7.5-48.6-10.7L309 106z\"><\/path><\/svg><\/span> Kdo jsou Veli\u010denstva?<\/h2>\n\n\n\n<p class=\"has-custom-white-color has-text-color has-link-color wp-elements-08dd34f4eeeb01f7b1a2c6d0899d50ec\">T\u00edmto titulem ka\u017ed\u00fd rok korunujeme za ka\u017edou instituci kampusu, tedy V\u0160CHT, \u010cVUT, KTF UK a \u00daOCHB jednoho studenta \u010di studentku, kter\u00fd se <strong>aktivn\u011b zapojuje do \u017eivota v kampusu<\/strong>. Veli\u010denstva se mohou pod\u00edlet na organizaci r\u016fzn\u00fdch akc\u00ed, anga\u017euj\u00ed se ve spolc\u00edch, nebo se t\u0159eba v\u011bnuj\u00ed um\u011bn\u00ed a sportu a mimo \u0161kolu tvo\u0159\u00ed dal\u0161\u00ed zaj\u00edmav\u00e9 projekty. Jsou to lid\u00e9, kte\u0159\u00ed n\u00e1s inspiruj\u00ed, motivuj\u00ed a pom\u00e1haj\u00ed na kampusu vytv\u00e1\u0159et \u017eivouc\u00ed, kreativn\u00ed prost\u0159ed\u00ed. Ka\u017ed\u00fd <strong>student n\u011bkter\u00e9 z dejvick\u00fdch instituc\u00ed<\/strong> m\u016f\u017ee b\u00fdt nominov\u00e1n a zvolen samotn\u00fdmi studenty, kte\u0159\u00ed mu t\u00edm vzd\u00e1vaj\u00ed d\u00edky za jeho aktivitu a energii.<\/p>\n\n\n\n<div class=\"wp-block-buttons is-layout-flex wp-block-buttons-is-layout-flex\">\n<div class=\"wp-block-button\"><a class=\"wp-block-button__link has-text-link-color has-custom-yellow-background-color has-text-color has-background has-link-color wp-element-button\" href=\"https:\/\/lesamaj.cz\/index.php\/velicenstva\/\">v\u00edce informac\u00ed<\/a><\/div>\n\n\n\n<div class=\"wp-block-button popmake-1880\"><a class=\"wp-block-button__link has-custom-blue-background-color has-background wp-element-button\">Nominace na Veli\u010denstvo<\/a><\/div>\n<\/div>\n<\/div>\n\n\n\n<div class=\"wp-block-column is-layout-flow wp-block-column-is-layout-flow\"><\/div>\n<\/div>\n<\/div>\n<\/div>\n<\/div><\/div>\n","protected":false},"excerpt":{"rendered":"<p>O Lesam\u00e1ji Co je Lesam\u00e1j? p\u0159es 5000 n\u00e1v\u0161t\u011bvn\u00edk\u016f hudba + tanec edukativn\u00ed program sport alegorick\u00fd pr\u016fvod korunov\u00e1n\u00ed veli\u010denstva Jako nez\u00e1visl\u00e1 a neziskov\u00e1 skupina student\u016f ve sv\u00e9m voln\u00e9m \u010dase organizujeme akci, na kterou ka\u017ed\u00fd rok doraz\u00ed p\u0159es 5 000 n\u00e1v\u0161t\u011bvn\u00edk\u016f a to na program kombinuj\u00edc\u00ed hudbu, divadlo, tanec, edukativn\u00ed program i sport. Lesam\u00e1j je jarn\u00ed multi\u017e\u00e1nrov\u00fd [&hellip;]<\/p>\n","protected":false},"author":1,"featured_media":0,"parent":0,"menu_order":2,"comment_status":"closed","ping_status":"closed","template":"","meta":{"ngg_post_thumbnail":0,"footnotes":""},"class_list":["post-1245","page","type-page","status-publish","hentry"],"jetpack_sharing_enabled":true,"_links":{"self":[{"href":"https:\/\/lesamaj.cz\/index.php\/wp-json\/wp\/v2\/pages\/1245","targetHints":{"allow":["GET"]}}],"collection":[{"href":"https:\/\/lesamaj.cz\/index.php\/wp-json\/wp\/v2\/pages"}],"about":[{"href":"https:\/\/lesamaj.cz\/index.php\/wp-json\/wp\/v2\/types\/page"}],"author":[{"embeddable":true,"href":"https:\/\/lesamaj.cz\/index.php\/wp-json\/wp\/v2\/users\/1"}],"replies":[{"embeddable":true,"href":"https:\/\/lesamaj.cz\/index.php\/wp-json\/wp\/v2\/comments?post=1245"}],"version-history":[{"count":114,"href":"https:\/\/lesamaj.cz\/index.php\/wp-json\/wp\/v2\/pages\/1245\/revisions"}],"predecessor-version":[{"id":1956,"href":"https:\/\/lesamaj.cz\/index.php\/wp-json\/wp\/v2\/pages\/1245\/revisions\/1956"}],"wp:attachment":[{"href":"https:\/\/lesamaj.cz\/index.php\/wp-json\/wp\/v2\/media?parent=1245"}],"curies":[{"name":"wp","href":"https:\/\/api.w.org\/{rel}","templated":true}]}}