{"id":1886,"date":"2025-03-09T18:23:53","date_gmt":"2025-03-09T17:23:53","guid":{"rendered":"https:\/\/lesamaj.cz\/?page_id=1886"},"modified":"2026-04-01T13:24:21","modified_gmt":"2026-04-01T11:24:21","slug":"velicenstva","status":"publish","type":"page","link":"https:\/\/lesamaj.cz\/index.php\/velicenstva\/","title":{"rendered":"Veli\u010denstva"},"content":{"rendered":"\n<div class=\"wp-block-cover alignfull wp-block-section wp-duotone-unset-1\" style=\"padding-top:0;padding-right:0;padding-bottom:0;padding-left:0\"><img loading=\"lazy\" decoding=\"async\" width=\"2048\" height=\"1367\" class=\"wp-block-cover__image-background wp-image-1813\" alt=\"\" src=\"https:\/\/lesamaj.cz\/2025\/wp-content\/uploads\/2025\/02\/jitka.jpg\" style=\"object-position:53% 21%\" data-object-fit=\"cover\" data-object-position=\"53% 21%\" srcset=\"https:\/\/lesamaj.cz\/wp-content\/uploads\/2025\/02\/jitka.jpg 2048w, https:\/\/lesamaj.cz\/wp-content\/uploads\/2025\/02\/jitka-300x200.jpg 300w, https:\/\/lesamaj.cz\/wp-content\/uploads\/2025\/02\/jitka-1024x684.jpg 1024w, https:\/\/lesamaj.cz\/wp-content\/uploads\/2025\/02\/jitka-768x513.jpg 768w, https:\/\/lesamaj.cz\/wp-content\/uploads\/2025\/02\/jitka-1536x1025.jpg 1536w\" sizes=\"auto, (max-width: 2048px) 100vw, 2048px\" \/><span aria-hidden=\"true\" class=\"wp-block-cover__background has-background-dim-60 has-background-dim wp-block-cover__gradient-background has-background-gradient\" style=\"background:linear-gradient(119deg,rgb(232,66,57) 58%,rgb(213,218,47) 100%)\"><\/span><div class=\"wp-block-cover__inner-container is-layout-constrained wp-container-core-cover-is-layout-435d30a0 wp-block-cover-is-layout-constrained\">\n<div class=\"wp-block-group alignfull wp-block-section nym_velicenstva has-background is-layout-constrained wp-block-group-is-layout-constrained\" style=\"background-color:#ffffff00;background-image:url(&apos;https:\/\/lesamaj.cz\/2025\/wp-content\/uploads\/2025\/02\/donut_red_10x.png&apos;);background-position:48% 0%;background-repeat:no-repeat;background-size:2000px;background-attachment:scroll;\">\n<div style=\"height:30px\" aria-hidden=\"true\" class=\"wp-block-spacer\"><\/div>\n\n\n\n<div class=\"wp-block-group is-layout-constrained wp-block-group-is-layout-constrained\">\n<div class=\"wp-block-columns is-layout-flex wp-container-core-columns-is-layout-28f84493 wp-block-columns-is-layout-flex\">\n<div class=\"wp-block-column is-layout-flow wp-block-column-is-layout-flow\">\n<h1 class=\"wp-block-heading has-custom-white-color has-text-color has-link-color wp-elements-3eb1c4a3bf545bbc5f276ddf45c4ee1b\">Veli\u010denstva<\/h1>\n\n\n\n<p class=\"has-custom-white-color has-text-color has-link-color wp-elements-fbc9db4988180f8dbd80162c0890ddb2\">Veli\u010denstvy ka\u017ed\u00fd rok korunujeme za ka\u017edou instituci kampusu, tedy V\u0160CHT, \u010cVUT, KTF UK a \u00daOCHB jednoho studenta \u010di studentku, kter\u00fd se&nbsp;<strong>aktivn\u011b zapojuje do \u017eivota v kampusu<\/strong>. Veli\u010denstva se mohou pod\u00edlet na organizaci r\u016fzn\u00fdch akc\u00ed, anga\u017euj\u00ed se ve spolc\u00edch, nebo se t\u0159eba v\u011bnuj\u00ed um\u011bn\u00ed a sportu a mimo \u0161kolu tvo\u0159\u00ed dal\u0161\u00ed zaj\u00edmav\u00e9 projekty. Jsou to lid\u00e9, kte\u0159\u00ed n\u00e1s inspiruj\u00ed, motivuj\u00ed a pom\u00e1haj\u00ed na kampusu vytv\u00e1\u0159et \u017eivouc\u00ed, kreativn\u00ed prost\u0159ed\u00ed. Ka\u017ed\u00fd&nbsp;<strong>student n\u011bkter\u00e9 z dejvick\u00fdch instituc\u00ed<\/strong>&nbsp;m\u016f\u017ee b\u00fdt nominov\u00e1n a zvolen samotn\u00fdmi studenty, kte\u0159\u00ed mu t\u00edm vzd\u00e1vaj\u00ed d\u00edky za jeho aktivitu a energii.<\/p>\n\n\n\n<div class=\"wp-block-buttons is-layout-flex wp-block-buttons-is-layout-flex\">\n<div class=\"wp-block-button form-velicenstvo is-style-fill popmake-1880\"><a class=\"wp-block-button__link has-custom-blue-background-color has-background wp-element-button\">Nominace na Veli\u010denstvo<\/a><\/div>\n<\/div>\n<\/div>\n\n\n\n<div class=\"wp-block-column is-layout-flow wp-block-column-is-layout-flow\"><\/div>\n<\/div>\n<\/div>\n<\/div>\n<\/div><\/div>\n\n\n\n<div class=\"wp-block-group alignfull wp-block-section nym_o-lesamaji has-custom-yellow-background-color has-background is-layout-constrained wp-block-group-is-layout-constrained\" style=\"padding-top:var(--wp--preset--spacing--60);padding-bottom:var(--wp--preset--spacing--60)\">\n<div style=\"height:33px\" aria-hidden=\"true\" class=\"wp-block-spacer\"><\/div>\n\n\n\n<div class=\"wp-block-columns is-layout-flex wp-container-core-columns-is-layout-28f84493 wp-block-columns-is-layout-flex\">\n<div class=\"wp-block-column is-layout-flow wp-block-column-is-layout-flow\" style=\"flex-basis:66.66%\">\n<div class=\"wp-block-group is-layout-grid wp-container-core-group-is-layout-478b6e6b wp-block-group-is-layout-grid\">\n<h4 class=\"wp-block-heading has-custom-green-color has-text-color has-link-color wp-elements-eaabbb67f31bf7b87f21a65693d6509f\"><span class=\"wp-rich-text-font-awesome-icon wp-font-awesome-icon\" data-transform=\"{}\"><svg aria-hidden=\"true\" focusable=\"false\" data-prefix=\"far\" data-icon=\"comments\" class=\"svg-inline--fa fa-comments \" role=\"img\" xmlns=\"http:\/\/www.w3.org\/2000\/svg\" viewBox=\"0 0 640 512\" style=\"font-size:1em\"><path fill=\"currentColor\" d=\"M88.2 309.1c9.8-18.3 6.8-40.8-7.5-55.8C59.4 230.9 48 204 48 176c0-63.5 63.8-128 160-128s160 64.5 160 128s-63.8 128-160 128c-13.1 0-25.8-1.3-37.8-3.6c-10.4-2-21.2-.6-30.7 4.2c-4.1 2.1-8.3 4.1-12.6 6c-16 7.2-32.9 13.5-49.9 18c2.8-4.6 5.4-9.1 7.9-13.6c1.1-1.9 2.2-3.9 3.2-5.9zM0 176c0 41.8 17.2 80.1 45.9 110.3c-.9 1.7-1.9 3.5-2.8 5.1c-10.3 18.4-22.3 36.5-36.6 52.1c-6.6 7-8.3 17.2-4.6 25.9C5.8 378.3 14.4 384 24 384c43 0 86.5-13.3 122.7-29.7c4.8-2.2 9.6-4.5 14.2-6.8c15.1 3 30.9 4.5 47.1 4.5c114.9 0 208-78.8 208-176S322.9 0 208 0S0 78.8 0 176zM432 480c16.2 0 31.9-1.6 47.1-4.5c4.6 2.3 9.4 4.6 14.2 6.8C529.5 498.7 573 512 616 512c9.6 0 18.2-5.7 22-14.5c3.8-8.8 2-19-4.6-25.9c-14.2-15.6-26.2-33.7-36.6-52.1c-.9-1.7-1.9-3.4-2.8-5.1C622.8 384.1 640 345.8 640 304c0-94.4-87.9-171.5-198.2-175.8c4.1 15.2 6.2 31.2 6.2 47.8l0 .6c87.2 6.7 144 67.5 144 127.4c0 28-11.4 54.9-32.7 77.2c-14.3 15-17.3 37.6-7.5 55.8c1.1 2 2.2 4 3.2 5.9c2.5 4.5 5.2 9 7.9 13.6c-17-4.5-33.9-10.7-49.9-18c-4.3-1.9-8.5-3.9-12.6-6c-9.5-4.8-20.3-6.2-30.7-4.2c-12.1 2.4-24.7 3.6-37.8 3.6c-61.7 0-110-26.5-136.8-62.3c-16 5.4-32.8 9.4-50 11.8C279 439.8 350 480 432 480z\"><\/path><\/svg><\/span> N\u011bkdo, na koho se m\u016f\u017ee\u0161 s \u010d\u00edmkoliv obr\u00e1tit.<\/h4>\n\n\n\n<h4 class=\"wp-block-heading has-custom-green-color has-text-color has-link-color wp-elements-56f39314ab0aba215ef0376d6341812f\"><span class=\"wp-rich-text-font-awesome-icon wp-font-awesome-icon\"><svg aria-hidden=\"true\" focusable=\"false\" data-prefix=\"fas\" data-icon=\"life-ring\" class=\"svg-inline--fa fa-life-ring \" role=\"img\" xmlns=\"http:\/\/www.w3.org\/2000\/svg\" viewBox=\"0 0 512 512\"><path fill=\"currentColor\" d=\"M367.2 412.5C335.9 434.9 297.5 448 256 448s-79.9-13.1-111.2-35.5l58-58c15.8 8.6 34 13.5 53.3 13.5s37.4-4.9 53.3-13.5l58 58zm90.7 .8c33.8-43.4 54-98 54-157.3s-20.2-113.9-54-157.3c9-12.5 7.9-30.1-3.4-41.3S425.8 45 413.3 54C369.9 20.2 315.3 0 256 0S142.1 20.2 98.7 54c-12.5-9-30.1-7.9-41.3 3.4S45 86.2 54 98.7C20.2 142.1 0 196.7 0 256s20.2 113.9 54 157.3c-9 12.5-7.9 30.1 3.4 41.3S86.2 467 98.7 458c43.4 33.8 98 54 157.3 54s113.9-20.2 157.3-54c12.5 9 30.1 7.9 41.3-3.4s12.4-28.8 3.4-41.3zm-45.5-46.1l-58-58c8.6-15.8 13.5-34 13.5-53.3s-4.9-37.4-13.5-53.3l58-58C434.9 176.1 448 214.5 448 256s-13.1 79.9-35.5 111.2zM367.2 99.5l-58 58c-15.8-8.6-34-13.5-53.3-13.5s-37.4 4.9-53.3 13.5l-58-58C176.1 77.1 214.5 64 256 64s79.9 13.1 111.2 35.5zM157.5 309.3l-58 58C77.1 335.9 64 297.5 64 256s13.1-79.9 35.5-111.2l58 58c-8.6 15.8-13.5 34-13.5 53.3s4.9 37.4 13.5 53.3zM208 256a48 48 0 1 1 96 0 48 48 0 1 1 -96 0z\"><\/path><\/svg><\/span> N\u011bkdo, kdo dobrovoln\u011b pom\u00e1h\u00e1 ostatn\u00edm student\u016fm.<\/h4>\n\n\n\n<h4 class=\"wp-block-heading has-custom-green-color has-text-color has-link-color wp-elements-08ef7df3c04cf33e2900f0aed1a2601b\"><span class=\"wp-rich-text-font-awesome-icon wp-font-awesome-icon\"><svg aria-hidden=\"true\" focusable=\"false\" data-prefix=\"far\" data-icon=\"lightbulb\" class=\"svg-inline--fa fa-lightbulb \" role=\"img\" xmlns=\"http:\/\/www.w3.org\/2000\/svg\" viewBox=\"0 0 384 512\"><path fill=\"currentColor\" d=\"M297.2 248.9C311.6 228.3 320 203.2 320 176c0-70.7-57.3-128-128-128S64 105.3 64 176c0 27.2 8.4 52.3 22.8 72.9c3.7 5.3 8.1 11.3 12.8 17.7l0 0c12.9 17.7 28.3 38.9 39.8 59.8c10.4 19 15.7 38.8 18.3 57.5H109c-2.2-12-5.9-23.7-11.8-34.5c-9.9-18-22.2-34.9-34.5-51.8l0 0 0 0c-5.2-7.1-10.4-14.2-15.4-21.4C27.6 247.9 16 213.3 16 176C16 78.8 94.8 0 192 0s176 78.8 176 176c0 37.3-11.6 71.9-31.4 100.3c-5 7.2-10.2 14.3-15.4 21.4l0 0 0 0c-12.3 16.8-24.6 33.7-34.5 51.8c-5.9 10.8-9.6 22.5-11.8 34.5H226.4c2.6-18.7 7.9-38.6 18.3-57.5c11.5-20.9 26.9-42.1 39.8-59.8l0 0 0 0 0 0c4.7-6.4 9-12.4 12.7-17.7zM192 128c-26.5 0-48 21.5-48 48c0 8.8-7.2 16-16 16s-16-7.2-16-16c0-44.2 35.8-80 80-80c8.8 0 16 7.2 16 16s-7.2 16-16 16zm0 384c-44.2 0-80-35.8-80-80V416H272v16c0 44.2-35.8 80-80 80z\"><\/path><\/svg><\/span> N\u011bkdo, kdo m\u011b inspiruje ve studiu i osobn\u00edm \u017eivot\u011b.<\/h4>\n\n\n\n<h4 class=\"wp-block-heading has-custom-green-color has-text-color has-link-color wp-elements-18725d8158889b2b5f0fba01f46bb9be\"><span class=\"wp-rich-text-font-awesome-icon wp-font-awesome-icon\"><svg aria-hidden=\"true\" focusable=\"false\" data-prefix=\"fas\" data-icon=\"ribbon\" class=\"svg-inline--fa fa-ribbon \" role=\"img\" xmlns=\"http:\/\/www.w3.org\/2000\/svg\" viewBox=\"0 0 448 512\"><path fill=\"currentColor\" d=\"M333.2 322.8l0 0-133.9-146 0 0L146 118.6c7.8-5.1 37-22.6 78-22.6s70.2 17.4 78 22.6L245.7 180l85.6 93.4 27.4-29.8c16.3-17.7 25.3-40.9 25.3-65V149.1c0-19-5.6-37.5-16.1-53.3L327.8 35.6C312.9 13.4 287.9 0 261.2 0h-76c-25.8 0-50.1 12.5-65.1 33.5L81.9 87C70.3 103.2 64 122.8 64 142.8V164c0 23.2 8.4 45.6 23.6 63.1l56 64.2 0 0 83.3 95.6 0 0 91.8 105.3c10 11.5 26.8 14.3 40 6.8l54.5-31.1c17.8-10.2 21.6-34.3 7.7-49.4l-87.7-95.7zM205.2 410.6l-83.3-95.6L27.1 418.5c-13.9 15.1-10.1 39.2 7.7 49.4l55.1 31.5c13 7.4 29.3 4.9 39.4-6.1l75.9-82.6z\"><\/path><\/svg><\/span> Ten, kdo se krom\u011b \u0161koly aktivn\u011b pod\u00edl\u00ed na d\u011bn\u00ed v kampusu.<\/h4>\n\n\n\n<h4 class=\"wp-block-heading has-custom-green-color has-text-color has-link-color wp-elements-e41baeaa36c0433a3261d66604826502\"><span class=\"wp-rich-text-font-awesome-icon wp-font-awesome-icon\"><svg aria-hidden=\"true\" focusable=\"false\" data-prefix=\"far\" data-icon=\"handshake\" class=\"svg-inline--fa fa-handshake \" role=\"img\" xmlns=\"http:\/\/www.w3.org\/2000\/svg\" viewBox=\"0 0 640 512\"><path fill=\"currentColor\" d=\"M272.2 64.6l-51.1 51.1c-15.3 4.2-29.5 11.9-41.5 22.5L153 161.9C142.8 171 129.5 176 115.8 176H96V304c20.4 .6 39.8 8.9 54.3 23.4l35.6 35.6 7 7 0 0L219.9 397c6.2 6.2 16.4 6.2 22.6 0c1.7-1.7 3-3.7 3.7-5.8c2.8-7.7 9.3-13.5 17.3-15.3s16.4 .6 22.2 6.5L296.5 393c11.6 11.6 30.4 11.6 41.9 0c5.4-5.4 8.3-12.3 8.6-19.4c.4-8.8 5.6-16.6 13.6-20.4s17.3-3 24.4 2.1c9.4 6.7 22.5 5.8 30.9-2.6c9.4-9.4 9.4-24.6 0-33.9L340.1 243l-35.8 33c-27.3 25.2-69.2 25.6-97 .9c-31.7-28.2-32.4-77.4-1.6-106.5l70.1-66.2C303.2 78.4 339.4 64 377.1 64c36.1 0 71 13.3 97.9 37.2L505.1 128H544h40 40c8.8 0 16 7.2 16 16V352c0 17.7-14.3 32-32 32H576c-11.8 0-22.2-6.4-27.7-16H463.4c-3.4 6.7-7.9 13.1-13.5 18.7c-17.1 17.1-40.8 23.8-63 20.1c-3.6 7.3-8.5 14.1-14.6 20.2c-27.3 27.3-70 30-100.4 8.1c-25.1 20.8-62.5 19.5-86-4.1L159 404l-7-7-35.6-35.6c-5.5-5.5-12.7-8.7-20.4-9.3C96 369.7 81.6 384 64 384H32c-17.7 0-32-14.3-32-32V144c0-8.8 7.2-16 16-16H56 96h19.8c2 0 3.9-.7 5.3-2l26.5-23.6C175.5 77.7 211.4 64 248.7 64H259c4.4 0 8.9 .2 13.2 .6zM544 320V176H496c-5.9 0-11.6-2.2-15.9-6.1l-36.9-32.8c-18.2-16.2-41.7-25.1-66.1-25.1c-25.4 0-49.8 9.7-68.3 27.1l-70.1 66.2c-10.3 9.8-10.1 26.3 .5 35.7c9.3 8.3 23.4 8.1 32.5-.3l71.9-66.4c9.7-9 24.9-8.4 33.9 1.4s8.4 24.9-1.4 33.9l-.8 .8 74.4 74.4c10 10 16.5 22.3 19.4 35.1H544zM64 336a16 16 0 1 0 -32 0 16 16 0 1 0 32 0zm528 16a16 16 0 1 0 0-32 16 16 0 1 0 0 32z\"><\/path><\/svg><\/span> Ten, kdo lidi spojuje.<\/h4>\n\n\n\n<h4 class=\"wp-block-heading has-custom-green-color has-text-color has-link-color wp-elements-fc2f8b7949a39d79873d6ba8d7d60329\"><span class=\"wp-rich-text-font-awesome-icon wp-font-awesome-icon\"><svg aria-hidden=\"true\" focusable=\"false\" data-prefix=\"fas\" data-icon=\"people-group\" class=\"svg-inline--fa fa-people-group \" role=\"img\" xmlns=\"http:\/\/www.w3.org\/2000\/svg\" viewBox=\"0 0 640 512\"><path fill=\"currentColor\" d=\"M72 88a56 56 0 1 1 112 0A56 56 0 1 1 72 88zM64 245.7C54 256.9 48 271.8 48 288s6 31.1 16 42.3V245.7zm144.4-49.3C178.7 222.7 160 261.2 160 304c0 34.3 12 65.8 32 90.5V416c0 17.7-14.3 32-32 32H96c-17.7 0-32-14.3-32-32V389.2C26.2 371.2 0 332.7 0 288c0-61.9 50.1-112 112-112h32c24 0 46.2 7.5 64.4 20.3zM448 416V394.5c20-24.7 32-56.2 32-90.5c0-42.8-18.7-81.3-48.4-107.7C449.8 183.5 472 176 496 176h32c61.9 0 112 50.1 112 112c0 44.7-26.2 83.2-64 101.2V416c0 17.7-14.3 32-32 32H480c-17.7 0-32-14.3-32-32zm8-328a56 56 0 1 1 112 0A56 56 0 1 1 456 88zM576 245.7v84.7c10-11.3 16-26.1 16-42.3s-6-31.1-16-42.3zM320 32a64 64 0 1 1 0 128 64 64 0 1 1 0-128zM240 304c0 16.2 6 31 16 42.3V261.7c-10 11.3-16 26.1-16 42.3zm144-42.3v84.7c10-11.3 16-26.1 16-42.3s-6-31.1-16-42.3zM448 304c0 44.7-26.2 83.2-64 101.2V448c0 17.7-14.3 32-32 32H288c-17.7 0-32-14.3-32-32V405.2c-37.8-18-64-56.5-64-101.2c0-61.9 50.1-112 112-112h32c61.9 0 112 50.1 112 112z\"><\/path><\/svg><\/span> Ten, komu z\u00e1le\u017e\u00ed na lidech kolem sebe a pom\u00e1h\u00e1 budovat dejvickou komunitu.<\/h4>\n\n\n\n<h4 class=\"wp-block-heading has-custom-green-color has-text-color has-link-color wp-elements-a8552a8f440ac5f6c8bed5d6354cb48b\"><span class=\"wp-rich-text-font-awesome-icon wp-font-awesome-icon\"><svg aria-hidden=\"true\" focusable=\"false\" data-prefix=\"far\" data-icon=\"square-plus\" class=\"svg-inline--fa fa-square-plus \" role=\"img\" xmlns=\"http:\/\/www.w3.org\/2000\/svg\" viewBox=\"0 0 448 512\"><path fill=\"currentColor\" d=\"M64 80c-8.8 0-16 7.2-16 16V416c0 8.8 7.2 16 16 16H384c8.8 0 16-7.2 16-16V96c0-8.8-7.2-16-16-16H64zM0 96C0 60.7 28.7 32 64 32H384c35.3 0 64 28.7 64 64V416c0 35.3-28.7 64-64 64H64c-35.3 0-64-28.7-64-64V96zM200 344V280H136c-13.3 0-24-10.7-24-24s10.7-24 24-24h64V168c0-13.3 10.7-24 24-24s24 10.7 24 24v64h64c13.3 0 24 10.7 24 24s-10.7 24-24 24H248v64c0 13.3-10.7 24-24 24s-24-10.7-24-24z\"><\/path><\/svg><\/span> A mnoh\u00e9 dal\u0161\u00ed\u2026<\/h4>\n<\/div>\n<\/div>\n\n\n\n<div class=\"wp-block-column is-layout-flow wp-block-column-is-layout-flow\" style=\"flex-basis:33.3%\">\n<div style=\"height:26px\" aria-hidden=\"true\" class=\"wp-block-spacer\"><\/div>\n\n\n\n<h2 class=\"wp-block-heading has-text-align-right\">Kdo je veli\u010denstvo?<\/h2>\n<\/div>\n<\/div>\n\n\n\n<hr class=\"wp-block-separator has-alpha-channel-opacity is-style-wide\" style=\"margin-top:var(--wp--preset--spacing--80);margin-bottom:var(--wp--preset--spacing--80)\"\/>\n\n\n\n<div class=\"wp-block-columns is-layout-flex wp-container-core-columns-is-layout-28f84493 wp-block-columns-is-layout-flex\">\n<div class=\"wp-block-column is-layout-flow wp-block-column-is-layout-flow\">\n<h3 class=\"wp-block-heading\"><span class=\"wp-rich-text-font-awesome-icon wp-font-awesome-icon\"><svg aria-hidden=\"true\" focusable=\"false\" data-prefix=\"fas\" data-icon=\"crown\" class=\"svg-inline--fa fa-crown \" role=\"img\" xmlns=\"http:\/\/www.w3.org\/2000\/svg\" viewBox=\"0 0 576 512\"><path fill=\"currentColor\" d=\"M309 106c11.4-7 19-19.7 19-34c0-22.1-17.9-40-40-40s-40 17.9-40 40c0 14.4 7.6 27 19 34L209.7 220.6c-9.1 18.2-32.7 23.4-48.6 10.7L72 160c5-6.7 8-15 8-24c0-22.1-17.9-40-40-40S0 113.9 0 136s17.9 40 40 40c.2 0 .5 0 .7 0L86.4 427.4c5.5 30.4 32 52.6 63 52.6H426.6c30.9 0 57.4-22.1 63-52.6L535.3 176c.2 0 .5 0 .7 0c22.1 0 40-17.9 40-40s-17.9-40-40-40s-40 17.9-40 40c0 9 3 17.3 8 24l-89.1 71.3c-15.9 12.7-39.5 7.5-48.6-10.7L309 106z\"><\/path><\/svg><\/span> Koho <br>m\u016f\u017eu nominovat?<\/h3>\n\n\n\n<p>Studenta bakal\u00e1\u0159sk\u00e9ho, magistersk\u00e9ho nebo doktorsk\u00e9ho programu na jedn\u00e9 z&nbsp;instituc\u00ed kampusu Dejvice, tzn. \u010cVUT, V\u0160CHT, KTF UK a UOCHB.<\/p>\n\n\n\n<div style=\"height:29px\" aria-hidden=\"true\" class=\"wp-block-spacer\"><\/div>\n<\/div>\n\n\n\n<div class=\"wp-block-column is-layout-flow wp-block-column-is-layout-flow\">\n<h3 class=\"wp-block-heading\"><span class=\"wp-rich-text-font-awesome-icon wp-font-awesome-icon\"><svg aria-hidden=\"true\" focusable=\"false\" data-prefix=\"fas\" data-icon=\"user\" class=\"svg-inline--fa fa-user \" role=\"img\" xmlns=\"http:\/\/www.w3.org\/2000\/svg\" viewBox=\"0 0 448 512\"><path fill=\"currentColor\" d=\"M224 256A128 128 0 1 0 224 0a128 128 0 1 0 0 256zm-45.7 48C79.8 304 0 383.8 0 482.3C0 498.7 13.3 512 29.7 512H418.3c16.4 0 29.7-13.3 29.7-29.7C448 383.8 368.2 304 269.7 304H178.3z\"><\/path><\/svg><\/span> Kdo <br>m\u016f\u017ee nominovat?<\/h3>\n\n\n\n<p class=\"form-velicenstvo\">Veli\u010denstva m\u016f\u017ee nominovat \u00fapln\u011b kdokoli pomoc\u00ed jednoduch\u00e9ho formul\u00e1\u0159e.<\/p>\n\n\n\n<div class=\"wp-block-buttons is-layout-flex wp-block-buttons-is-layout-flex\">\n<div class=\"wp-block-button form-velicenstvo is-style-fill popmake-1880\"><a class=\"wp-block-button__link has-custom-white-color has-text-color has-link-color wp-element-button\">Nominace na Veli\u010denstvo<\/a><\/div>\n<\/div>\n\n\n\n<div style=\"height:29px\" aria-hidden=\"true\" class=\"wp-block-spacer\"><\/div>\n<\/div>\n\n\n\n<div class=\"wp-block-column is-layout-flow wp-block-column-is-layout-flow\">\n<h3 class=\"wp-block-heading\"><span class=\"wp-rich-text-font-awesome-icon wp-font-awesome-icon\"><svg aria-hidden=\"true\" focusable=\"false\" data-prefix=\"fas\" data-icon=\"calendar-days\" class=\"svg-inline--fa fa-calendar-days \" role=\"img\" xmlns=\"http:\/\/www.w3.org\/2000\/svg\" viewBox=\"0 0 448 512\"><path fill=\"currentColor\" d=\"M128 0c17.7 0 32 14.3 32 32V64H288V32c0-17.7 14.3-32 32-32s32 14.3 32 32V64h48c26.5 0 48 21.5 48 48v48H0V112C0 85.5 21.5 64 48 64H96V32c0-17.7 14.3-32 32-32zM0 192H448V464c0 26.5-21.5 48-48 48H48c-26.5 0-48-21.5-48-48V192zm64 80v32c0 8.8 7.2 16 16 16h32c8.8 0 16-7.2 16-16V272c0-8.8-7.2-16-16-16H80c-8.8 0-16 7.2-16 16zm128 0v32c0 8.8 7.2 16 16 16h32c8.8 0 16-7.2 16-16V272c0-8.8-7.2-16-16-16H208c-8.8 0-16 7.2-16 16zm144-16c-8.8 0-16 7.2-16 16v32c0 8.8 7.2 16 16 16h32c8.8 0 16-7.2 16-16V272c0-8.8-7.2-16-16-16H336zM64 400v32c0 8.8 7.2 16 16 16h32c8.8 0 16-7.2 16-16V400c0-8.8-7.2-16-16-16H80c-8.8 0-16 7.2-16 16zm144-16c-8.8 0-16 7.2-16 16v32c0 8.8 7.2 16 16 16h32c8.8 0 16-7.2 16-16V400c0-8.8-7.2-16-16-16H208zm112 16v32c0 8.8 7.2 16 16 16h32c8.8 0 16-7.2 16-16V400c0-8.8-7.2-16-16-16H336c-8.8 0-16 7.2-16 16z\"><\/path><\/svg><\/span> Do kdy <br>mohu nominovat?<\/h3>\n\n\n\n<p>Nominace b\u011b\u017e\u00ed a\u017e do <strong>12. 4. 2026<\/strong>.<\/p>\n\n\n\n<p>Pot\u00e9 budou \u010dlenov\u00e9 akademick\u00e9 obce na soci\u00e1ln\u00edch s\u00edt\u00edch hlasovat mezi kandid\u00e1ty a sami si pak zvol\u00ed sv\u00e1 Veli\u010denstva, kter\u00e1 slavnostn\u011b korunujeme na ceremoni\u00e1lu v\u00a0r\u00e1mci samotn\u00e9 akce.<\/p>\n<\/div>\n<\/div>\n<\/div>\n\n\n\n<p><\/p>\n","protected":false},"excerpt":{"rendered":"<p>N\u011bkdo, na koho se m\u016f\u017ee\u0161 s \u010d\u00edmkoliv obr\u00e1tit. N\u011bkdo, kdo dobrovoln\u011b pom\u00e1h\u00e1 ostatn\u00edm student\u016fm. N\u011bkdo, kdo m\u011b inspiruje ve studiu i osobn\u00edm \u017eivot\u011b. Ten, kdo se krom\u011b \u0161koly aktivn\u011b pod\u00edl\u00ed na d\u011bn\u00ed v kampusu. Ten, kdo lidi spojuje. Ten, komu z\u00e1le\u017e\u00ed na lidech kolem sebe a pom\u00e1h\u00e1 budovat dejvickou komunitu. A mnoh\u00e9 dal\u0161\u00ed\u2026 Kdo je [&hellip;]<\/p>\n","protected":false},"author":1,"featured_media":0,"parent":0,"menu_order":0,"comment_status":"closed","ping_status":"closed","template":"","meta":{"ngg_post_thumbnail":0,"footnotes":""},"class_list":["post-1886","page","type-page","status-publish","hentry"],"jetpack_sharing_enabled":true,"_links":{"self":[{"href":"https:\/\/lesamaj.cz\/index.php\/wp-json\/wp\/v2\/pages\/1886","targetHints":{"allow":["GET"]}}],"collection":[{"href":"https:\/\/lesamaj.cz\/index.php\/wp-json\/wp\/v2\/pages"}],"about":[{"href":"https:\/\/lesamaj.cz\/index.php\/wp-json\/wp\/v2\/types\/page"}],"author":[{"embeddable":true,"href":"https:\/\/lesamaj.cz\/index.php\/wp-json\/wp\/v2\/users\/1"}],"replies":[{"embeddable":true,"href":"https:\/\/lesamaj.cz\/index.php\/wp-json\/wp\/v2\/comments?post=1886"}],"version-history":[{"count":46,"href":"https:\/\/lesamaj.cz\/index.php\/wp-json\/wp\/v2\/pages\/1886\/revisions"}],"predecessor-version":[{"id":2083,"href":"https:\/\/lesamaj.cz\/index.php\/wp-json\/wp\/v2\/pages\/1886\/revisions\/2083"}],"wp:attachment":[{"href":"https:\/\/lesamaj.cz\/index.php\/wp-json\/wp\/v2\/media?parent=1886"}],"curies":[{"name":"wp","href":"https:\/\/api.w.org\/{rel}","templated":true}]}}