{"id":9,"date":"2025-02-14T15:48:05","date_gmt":"2025-02-14T14:48:05","guid":{"rendered":"https:\/\/lesamaj.cz\/2025\/?page_id=9"},"modified":"2026-02-17T21:43:39","modified_gmt":"2026-02-17T20:43:39","slug":"tym","status":"publish","type":"page","link":"https:\/\/lesamaj.cz\/index.php\/tym\/","title":{"rendered":"T\u00fdm"},"content":{"rendered":"\n<div style=\"background-image:url(&apos;https:\/\/lesamaj.cz\/2025\/wp-content\/uploads\/2025\/02\/donut_blue_10x.png&apos;);background-size:cover;background-attachment:scroll;\" class=\"wp-block-group alignfull wp-block-section nym_kontakty has-custom-yellow-background-color has-background is-layout-constrained wp-block-group-is-layout-constrained\">\n<div class=\"wp-block-columns is-layout-flex wp-container-core-columns-is-layout-28f84493 wp-block-columns-is-layout-flex\">\n<div class=\"wp-block-column is-layout-flow wp-block-column-is-layout-flow\">\n<h1 class=\"wp-block-heading\">T\u00fdm \/<\/h1>\n\n\n\n<div class=\"wp-block-group nym_tym-bosses is-style-default is-layout-constrained wp-block-group-is-layout-constrained\" style=\"padding-bottom:0\">\n<div class=\"wp-block-group is-style-default is-layout-constrained wp-container-core-group-is-layout-72190d31 wp-block-group-is-layout-constrained\" style=\"margin-top:0;margin-bottom:0;padding-top:0;padding-right:0;padding-bottom:0;padding-left:0\">\n<div class=\"wp-block-media-text\" style=\"padding-top:0;padding-right:0;padding-bottom:0;padding-left:0;grid-template-columns:30% auto\"><figure class=\"wp-block-media-text__media\"><img loading=\"lazy\" decoding=\"async\" width=\"811\" height=\"811\" src=\"https:\/\/lesamaj.cz\/wp-content\/uploads\/2025\/02\/magdalena-1.jpg\" alt=\"\" class=\"wp-image-1548 size-full\" srcset=\"https:\/\/lesamaj.cz\/wp-content\/uploads\/2025\/02\/magdalena-1.jpg 811w, https:\/\/lesamaj.cz\/wp-content\/uploads\/2025\/02\/magdalena-1-300x300.jpg 300w, https:\/\/lesamaj.cz\/wp-content\/uploads\/2025\/02\/magdalena-1-150x150.jpg 150w, https:\/\/lesamaj.cz\/wp-content\/uploads\/2025\/02\/magdalena-1-768x768.jpg 768w\" sizes=\"auto, (max-width: 811px) 100vw, 811px\" \/><\/figure><div class=\"wp-block-media-text__content\">\n<h4 class=\"wp-block-heading\"><strong>Magdalena&nbsp;\u010cern\u00e1<\/strong><\/h4>\n\n\n\n<p>\/ \u0158editelka<\/p>\n\n\n\n<div style=\"height:2px\" aria-hidden=\"true\" class=\"wp-block-spacer\"><\/div>\n\n\n\n<p><a href=\"mailto:cerna@lesamaj.cz\"><\/a><a href=\"mailto:reditel@lesamaj.cz\">cerna@lesamaj.cz<\/a><\/p>\n<\/div><\/div>\n<\/div>\n\n\n\n<div style=\"height:14px\" aria-hidden=\"true\" class=\"wp-block-spacer\"><\/div>\n\n\n\n<div class=\"wp-block-group is-layout-constrained wp-container-core-group-is-layout-72190d31 wp-block-group-is-layout-constrained\" style=\"margin-top:0;margin-bottom:0;padding-top:0;padding-right:0;padding-bottom:0;padding-left:0\">\n<div class=\"wp-block-media-text\" style=\"padding-top:0;padding-right:0;padding-bottom:0;padding-left:0;grid-template-columns:30% auto\"><figure class=\"wp-block-media-text__media\"><img loading=\"lazy\" decoding=\"async\" width=\"750\" height=\"750\" src=\"https:\/\/lesamaj.cz\/wp-content\/uploads\/2025\/02\/klara.jpg\" alt=\"\" class=\"wp-image-1295 size-full\" srcset=\"https:\/\/lesamaj.cz\/wp-content\/uploads\/2025\/02\/klara.jpg 750w, https:\/\/lesamaj.cz\/wp-content\/uploads\/2025\/02\/klara-300x300.jpg 300w, https:\/\/lesamaj.cz\/wp-content\/uploads\/2025\/02\/klara-150x150.jpg 150w\" sizes=\"auto, (max-width: 750px) 100vw, 750px\" \/><\/figure><div class=\"wp-block-media-text__content\">\n<h4 class=\"wp-block-heading\">Kl\u00e1ra Pelik\u00e1nov\u00e1<\/h4>\n\n\n\n<p>\/ \u0158editelka<\/p>\n\n\n\n<div style=\"height:2px\" aria-hidden=\"true\" class=\"wp-block-spacer\"><\/div>\n\n\n\n<p><a href=\"mailto:cerna@lesamaj.cz\"><\/a><a href=\"mailto:reditel@lesamaj.cz\">pelikanova@lesamaj.cz<\/a><\/p>\n<\/div><\/div>\n<\/div>\n\n\n\n<div style=\"height:14px\" aria-hidden=\"true\" class=\"wp-block-spacer\"><\/div>\n\n\n\n<hr class=\"wp-block-separator has-text-color has-custom-blue-color has-alpha-channel-opacity has-custom-blue-background-color has-background is-style-wide nym_hr-bold\" style=\"margin-top:0;margin-bottom:0\"\/>\n<\/div>\n<\/div>\n\n\n\n<div class=\"wp-block-column is-layout-flow wp-block-column-is-layout-flow\" style=\"flex-basis:66.66%\">\n<div style=\"height:32px\" aria-hidden=\"true\" class=\"wp-block-spacer\"><\/div>\n\n\n\n<div class=\"wp-block-group nym_kontakt-label is-layout-grid wp-container-core-group-is-layout-2941d0b3 wp-block-group-is-layout-grid\">\n<div class=\"wp-block-media-text\" style=\"grid-template-columns:25% auto\"><figure class=\"wp-block-media-text__media\"><img loading=\"lazy\" decoding=\"async\" width=\"144\" height=\"144\" src=\"https:\/\/lesamaj.cz\/2025\/wp-content\/uploads\/2025\/02\/tomas.jpg\" alt=\"\" class=\"wp-image-1312 size-full\"\/><\/figure><div class=\"wp-block-media-text__content\">\n<h4 class=\"wp-block-heading\"><strong>Tom\u00e1\u0161 Veseck\u00fd<\/strong><\/h4>\n\n\n\n<p>\/ Web<\/p>\n\n\n\n<div style=\"height:2px\" aria-hidden=\"true\" class=\"wp-block-spacer\"><\/div>\n\n\n\n<p><strong><a href=\"mailto:pavlickova@lesamaj.cz\"><\/a><strong><a href=\"mailto:repa@lesamaj.cz\"><strong><\/strong><\/a><strong><a href=\"mailto:vesecky@lesamaj.cz\"><strong>webmaster@lesamaj.cz<\/strong><\/a><\/strong><\/strong><\/strong><\/p>\n<\/div><\/div>\n\n\n\n<div class=\"wp-block-group is-layout-constrained wp-block-group-is-layout-constrained\">\n<h4 class=\"wp-block-heading\">Martin J\u00ed\u0161a<\/h4>\n\n\n\n<p>\/ Hudba<\/p>\n\n\n\n<p><strong><a href=\"mailto:jisa@lesamaj.cz\">jisa@lesamaj.cz<\/a><\/strong><\/p>\n<\/div>\n\n\n\n<div class=\"wp-block-media-text\" style=\"grid-template-columns:25% auto\"><figure class=\"wp-block-media-text__media\"><img loading=\"lazy\" decoding=\"async\" width=\"719\" height=\"719\" src=\"https:\/\/lesamaj.cz\/2025\/wp-content\/uploads\/2025\/02\/tereza-1.jpg\" alt=\"\" class=\"wp-image-1315 size-full\" srcset=\"https:\/\/lesamaj.cz\/wp-content\/uploads\/2025\/02\/tereza-1.jpg 719w, https:\/\/lesamaj.cz\/wp-content\/uploads\/2025\/02\/tereza-1-300x300.jpg 300w, https:\/\/lesamaj.cz\/wp-content\/uploads\/2025\/02\/tereza-1-150x150.jpg 150w\" sizes=\"auto, (max-width: 719px) 100vw, 719px\" \/><\/figure><div class=\"wp-block-media-text__content\">\n<h4 class=\"wp-block-heading\"><strong>Tereza \u0160r\u00e1mkov\u00e1<\/strong><\/h4>\n\n\n\n<p>\/ Reels, video<\/p>\n\n\n\n<div style=\"height:2px\" aria-hidden=\"true\" class=\"wp-block-spacer\"><\/div>\n\n\n\n<p><strong><a href=\"mailto:pavlickova@lesamaj.cz\"><\/a><strong><a href=\"mailto:repa@lesamaj.cz\"><\/a><strong><a href=\"mailto:vesecky@lesamaj.cz\"><strong><\/strong><\/a><strong><a href=\"mailto:struminska@lesamaj.cz\"><strong>sramkova@lesamaj.cz<\/strong><\/a><\/strong><\/strong><\/strong><\/strong><\/p>\n<\/div><\/div>\n\n\n\n<div class=\"wp-block-group is-layout-constrained wp-block-group-is-layout-constrained\">\n<div class=\"wp-block-columns wp-container-content-69bc4bdf is-layout-flex wp-container-core-columns-is-layout-28f84493 wp-block-columns-is-layout-flex\">\n<div class=\"wp-block-column is-layout-flow wp-block-column-is-layout-flow\" style=\"flex-basis:100%\">\n<div class=\"wp-block-group is-layout-constrained wp-block-group-is-layout-constrained\">\n<h4 class=\"wp-block-heading\">Ag\u00e1ta Chlebov\u00e1<\/h4>\n\n\n\n<p>\/ Divadlo<\/p>\n\n\n\n<p><strong><a href=\"mailto:chlebova@lesamaj.cz\">chlebova@lesamaj.cz<\/a><\/strong><\/p>\n<\/div>\n<\/div>\n<\/div>\n<\/div>\n\n\n\n<div class=\"wp-block-group is-layout-constrained wp-block-group-is-layout-constrained\">\n<h4 class=\"wp-block-heading\"><\/h4>\n<\/div>\n\n\n\n<div class=\"wp-block-group wp-container-content-59ba7f19 is-layout-constrained wp-block-group-is-layout-constrained\">\n<div class=\"wp-block-columns wp-container-content-69bc4bdf is-layout-flex wp-container-core-columns-is-layout-28f84493 wp-block-columns-is-layout-flex\">\n<div class=\"wp-block-column is-layout-flow wp-block-column-is-layout-flow\" style=\"flex-basis:100%\">\n<div class=\"wp-block-group is-layout-constrained wp-block-group-is-layout-constrained\">\n<h4 class=\"wp-block-heading\">Jan Richter<\/h4>\n\n\n\n<p>\/ Studentsk\u00e9 spolky<\/p>\n\n\n\n<p><strong><a href=\"mailto:richter@lesmaj.cz\">richter@lesmaj.cz<\/a><\/strong><\/p>\n<\/div>\n\n\n\n<div class=\"wp-block-group is-layout-constrained wp-block-group-is-layout-constrained\">\n<h4 class=\"wp-block-heading\">Gabriela Hallov\u00e1<\/h4>\n\n\n\n<p>\/ Stavba<\/p>\n\n\n\n<p><strong><a href=\"mailto:hallova@lesamaj.cz\">hallova@lesamaj.cz<\/a><\/strong><\/p>\n<\/div>\n<\/div>\n<\/div>\n<\/div>\n<\/div>\n<\/div>\n<\/div>\n<\/div>\n","protected":false},"excerpt":{"rendered":"<p>T\u00fdm \/ Magdalena&nbsp;\u010cern\u00e1 \/ \u0158editelka cerna@lesamaj.cz Kl\u00e1ra Pelik\u00e1nov\u00e1 \/ \u0158editelka pelikanova@lesamaj.cz Tom\u00e1\u0161 Veseck\u00fd \/ Web webmaster@lesamaj.cz Martin J\u00ed\u0161a \/ Hudba jisa@lesamaj.cz Tereza \u0160r\u00e1mkov\u00e1 \/ Reels, video sramkova@lesamaj.cz Ag\u00e1ta Chlebov\u00e1 \/ Divadlo chlebova@lesamaj.cz Jan Richter \/ Studentsk\u00e9 spolky richter@lesmaj.cz Gabriela Hallov\u00e1 \/ Stavba hallova@lesamaj.cz<\/p>\n","protected":false},"author":1,"featured_media":0,"parent":0,"menu_order":5,"comment_status":"closed","ping_status":"closed","template":"","meta":{"ngg_post_thumbnail":0,"footnotes":""},"class_list":["post-9","page","type-page","status-publish","hentry"],"jetpack_sharing_enabled":true,"_links":{"self":[{"href":"https:\/\/lesamaj.cz\/index.php\/wp-json\/wp\/v2\/pages\/9","targetHints":{"allow":["GET"]}}],"collection":[{"href":"https:\/\/lesamaj.cz\/index.php\/wp-json\/wp\/v2\/pages"}],"about":[{"href":"https:\/\/lesamaj.cz\/index.php\/wp-json\/wp\/v2\/types\/page"}],"author":[{"embeddable":true,"href":"https:\/\/lesamaj.cz\/index.php\/wp-json\/wp\/v2\/users\/1"}],"replies":[{"embeddable":true,"href":"https:\/\/lesamaj.cz\/index.php\/wp-json\/wp\/v2\/comments?post=9"}],"version-history":[{"count":197,"href":"https:\/\/lesamaj.cz\/index.php\/wp-json\/wp\/v2\/pages\/9\/revisions"}],"predecessor-version":[{"id":2047,"href":"https:\/\/lesamaj.cz\/index.php\/wp-json\/wp\/v2\/pages\/9\/revisions\/2047"}],"wp:attachment":[{"href":"https:\/\/lesamaj.cz\/index.php\/wp-json\/wp\/v2\/media?parent=9"}],"curies":[{"name":"wp","href":"https:\/\/api.w.org\/{rel}","templated":true}]}}